{"id":3398,"date":"2023-07-13T12:28:49","date_gmt":"2023-07-13T10:28:49","guid":{"rendered":"https:\/\/www.drivekreta.de\/?page_id=3398"},"modified":"2026-01-20T14:48:54","modified_gmt":"2026-01-20T13:48:54","slug":"ausfluege","status":"publish","type":"page","link":"https:\/\/www.drivekreta.de\/en\/ausfluege\/","title":{"rendered":"Ausfl\u00fcge"},"content":{"rendered":"<div data-elementor-type=\"wp-page\" data-elementor-id=\"3398\" class=\"elementor elementor-3398\" data-elementor-post-type=\"page\">\n\t\t\t\t\t\t<section class=\"elementor-section elementor-top-section elementor-element elementor-element-e9a40f6 elementor-section-height-min-height elementor-section-boxed elementor-section-height-default elementor-section-items-middle\" data-id=\"e9a40f6\" data-element_type=\"section\" data-settings=\"{&quot;background_background&quot;:&quot;classic&quot;}\">\n\t\t\t\t\t\t\t<div class=\"elementor-background-overlay\"><\/div>\n\t\t\t\t\t\t\t<div class=\"elementor-container elementor-column-gap-default\">\n\t\t\t\t\t<div class=\"elementor-column elementor-col-100 elementor-top-column elementor-element elementor-element-3c4ac91\" data-id=\"3c4ac91\" data-element_type=\"column\">\n\t\t\t<div class=\"elementor-widget-wrap elementor-element-populated\">\n\t\t\t\t\t\t<div class=\"elementor-element elementor-element-1cf1e62 elementor-widget elementor-widget-heading\" data-id=\"1cf1e62\" data-element_type=\"widget\" data-widget_type=\"heading.default\">\n\t\t\t\t<div class=\"elementor-widget-container\">\n\t\t\t<h1 class=\"elementor-heading-title elementor-size-large\"> Ausfl\u00fcge  auf Kreta<\/h1>\t\t<\/div>\n\t\t\t\t<\/div>\n\t\t\t\t<div class=\"elementor-element elementor-element-5664f72 elementor-widget-divider--view-line elementor-widget elementor-widget-divider\" data-id=\"5664f72\" data-element_type=\"widget\" data-widget_type=\"divider.default\">\n\t\t\t\t<div class=\"elementor-widget-container\">\n\t\t\t\t\t<div class=\"elementor-divider\">\n\t\t\t<span class=\"elementor-divider-separator\">\n\t\t\t\t\t\t<\/span>\n\t\t<\/div>\n\t\t\t\t<\/div>\n\t\t\t\t<\/div>\n\t\t\t\t<div class=\"elementor-element elementor-element-433af30 elementor-widget elementor-widget-text-editor\" data-id=\"433af30\" data-element_type=\"widget\" data-widget_type=\"text-editor.default\">\n\t\t\t\t<div class=\"elementor-widget-container\">\n\t\t\t\t\t\t\t<p>Erfahren Sie mehr \u00fcber DRIVEKRETA<\/p>\t\t\t\t\t\t<\/div>\n\t\t\t\t<\/div>\n\t\t\t\t\t<\/div>\n\t\t<\/div>\n\t\t\t\t\t<\/div>\n\t\t<\/section>\n\t\t\t\t<section class=\"elementor-section elementor-top-section elementor-element elementor-element-e953339 elementor-section-boxed elementor-section-height-default elementor-section-height-default\" data-id=\"e953339\" data-element_type=\"section\">\n\t\t\t\t\t\t<div class=\"elementor-container elementor-column-gap-no\">\n\t\t\t\t\t<div class=\"elementor-column elementor-col-100 elementor-top-column elementor-element elementor-element-401726a\" data-id=\"401726a\" data-element_type=\"column\">\n\t\t\t<div class=\"elementor-widget-wrap elementor-element-populated\">\n\t\t\t\t\t\t<div class=\"elementor-element elementor-element-109d39d elementor-widget elementor-widget-heading\" data-id=\"109d39d\" data-element_type=\"widget\" data-widget_type=\"heading.default\">\n\t\t\t\t<div class=\"elementor-widget-container\">\n\t\t\t<h2 class=\"elementor-heading-title elementor-size-default\">DRIVEKRETA<\/h2>\t\t<\/div>\n\t\t\t\t<\/div>\n\t\t\t\t<div class=\"elementor-element elementor-element-9e6a338 elementor-widget elementor-widget-text-editor\" data-id=\"9e6a338\" data-element_type=\"widget\" data-widget_type=\"text-editor.default\">\n\t\t\t\t<div class=\"elementor-widget-container\">\n\t\t\t\t\t\t\t<p>\u00a0Ausfluge auf Kreta\u00a0<\/p>\t\t\t\t\t\t<\/div>\n\t\t\t\t<\/div>\n\t\t\t\t<div class=\"elementor-element elementor-element-e123437 elementor-widget elementor-widget-text-editor\" data-id=\"e123437\" data-element_type=\"widget\" data-widget_type=\"text-editor.default\">\n\t\t\t\t<div class=\"elementor-widget-container\">\n\t\t\t\t\t\t\t<p>Kreta liegt im Kreuzpunkt der drei Kontinente Europa, Asien und Afrika und hat eine Fl\u00e4che von 8261 km2 sowie ca.1066 km K\u00fcstenlinie. Kreta die f\u00fcnf gr\u00f6sste Insel im Mittelmeer. Die Insel besticht mitnat\u00fcrlicher Sch\u00f6nheit, dem angenehmen Klima und der Gastfreundschaft der Bewohner. Kretas S\u00fcden fasziniert ganz besonders die Urlauber die abseits des Rummels ihre Badeferien verbringen wollen. Die S\u00fcdk\u00fcste bietet viele Sandstr\u00e4nde, kleine Badebuchten, faszinierende Landschaft und kretischen Alltag.<\/p>\t\t\t\t\t\t<\/div>\n\t\t\t\t<\/div>\n\t\t\t\t<div class=\"elementor-element elementor-element-8922e2f elementor-widget elementor-widget-heading\" data-id=\"8922e2f\" data-element_type=\"widget\" data-widget_type=\"heading.default\">\n\t\t\t\t<div class=\"elementor-widget-container\">\n\t\t\t<h2 class=\"elementor-heading-title elementor-size-default\">Die sch\u00f6nsten Orte auf Kreta<\/h2>\t\t<\/div>\n\t\t\t\t<\/div>\n\t\t\t\t<div class=\"elementor-element elementor-element-63257cd elementor-widget elementor-widget-text-editor\" data-id=\"63257cd\" data-element_type=\"widget\" data-widget_type=\"text-editor.default\">\n\t\t\t\t<div class=\"elementor-widget-container\">\n\t\t\t\t\t\t\t<p>Kreta, die sch\u00f6ne Insel h\u00e4lt viel Entdeckungstouren f\u00fcr unsere G\u00e4ste bereit. Entdecken Sie die sch\u00f6ne Landschaft \u00fcber die gut ausgebaute Gebirgsstra\u00dfen der Insel.<\/p><p>Freuen sie sich \u00fcber das sch\u00f6ne Wetter, den atemberaubenden Blick \u00fcbers Meer. Freuen Sie sich \u00fcber die Schafe, die sich an der n\u00e4chsten Kurve auf der Stra\u00dfe ausruhen oder machen Sie eine Entdeckungstour zu den Ausgrabungsst\u00e4tten der Insel. Bewundern Sie auch die sch\u00f6nen St\u00e4dte der Insel:\u00a0<strong>Rethymnon<\/strong>,<strong>\u00a0Chania<\/strong>\u00a0oder\u00a0<strong>Heraklion<\/strong>.<\/p><p>Unser Ausflugstipp von Frangokastello aus: Fahren Sie die kurvenreiche Stra\u00dfe hoch nach\u00a0<strong>Kalikratis<\/strong>, genie\u00dfen Sie den atemberaubenden Blick nach unten auf die weite Ebene mit dem alten venezianischen Kastell.<\/p>\t\t\t\t\t\t<\/div>\n\t\t\t\t<\/div>\n\t\t\t\t<div class=\"elementor-element elementor-element-83af991 elementor-widget elementor-widget-google_maps\" data-id=\"83af991\" data-element_type=\"widget\" data-widget_type=\"google_maps.default\">\n\t\t\t\t<div class=\"elementor-widget-container\">\n\t\t\t\t\t<div class=\"elementor-custom-embed\">\n\t\t\t<iframe loading=\"lazy\"\n\t\t\t\t\tsrc=\"https:\/\/maps.google.com\/maps?q=Kallikratis&#038;t=m&#038;z=14&#038;output=embed&#038;iwloc=near\"\n\t\t\t\t\ttitle=\"Kallikratis\"\n\t\t\t\t\taria-label=\"Kallikratis\"\n\t\t\t><\/iframe>\n\t\t<\/div>\n\t\t\t\t<\/div>\n\t\t\t\t<\/div>\n\t\t\t\t<div class=\"elementor-element elementor-element-4bfc61a elementor-widget elementor-widget-text-editor\" data-id=\"4bfc61a\" data-element_type=\"widget\" data-widget_type=\"text-editor.default\">\n\t\t\t\t<div class=\"elementor-widget-container\">\n\t\t\t\t\t\t\t<p>Oben in Kalikratis k\u00f6nnen Sie an einem kleinen, urigen Kr\u00e4uterl\u00e4dchen eine Pause einlegen und das einfache, urspr\u00fcngliche Leben der Bergwelt erleben.<\/p><p>Fahren Sie weiter Richtung\u00a0<strong>Aigiropouli<\/strong>\u00a0mit den Wasserf\u00e4llen und einem Forellenteich oder Richtung\u00a0<strong>Lappa<\/strong>, einer antiken Stadt. Bewundern Sie ein altes r\u00f6misches Fu\u00dfbodenmosaik, kleine Kirchen und einen neu entstandenen Avocadoladen, der erfolgreich Kosmetikprodukte verkauft auf der Basis von Avocado\u00f6l.<\/p><p>Fahren Sie weiter bis Sie die gro\u00dfe Schnellstra\u00dfe erreichen. Biegen Sie links ab, machen Sie einen Abstecher zum\u00a0<strong>Kournassee<\/strong>, das Auge von Kreta.<\/p>\t\t\t\t\t\t<\/div>\n\t\t\t\t<\/div>\n\t\t\t\t<div class=\"elementor-element elementor-element-ca1475e elementor-widget elementor-widget-google_maps\" data-id=\"ca1475e\" data-element_type=\"widget\" data-widget_type=\"google_maps.default\">\n\t\t\t\t<div class=\"elementor-widget-container\">\n\t\t\t\t\t<div class=\"elementor-custom-embed\">\n\t\t\t<iframe loading=\"lazy\"\n\t\t\t\t\tsrc=\"https:\/\/maps.google.com\/maps?q=Kournas-See&#038;t=m&#038;z=14&#038;output=embed&#038;iwloc=near\"\n\t\t\t\t\ttitle=\"Kournas-See\"\n\t\t\t\t\taria-label=\"Kournas-See\"\n\t\t\t><\/iframe>\n\t\t<\/div>\n\t\t\t\t<\/div>\n\t\t\t\t<\/div>\n\t\t\t\t<div class=\"elementor-element elementor-element-010b4f7 elementor-widget elementor-widget-text-editor\" data-id=\"010b4f7\" data-element_type=\"widget\" data-widget_type=\"text-editor.default\">\n\t\t\t\t<div class=\"elementor-widget-container\">\n\t\t\t\t\t\t\t<p>Besuchen Sie kurz Georgiopoulis, was fr\u00fcher ein kleines, verschlafenes Dorf war und fahren Sie dann Richtung Vrises, Askifou, Imbros wieder zur\u00fcck nach Frangokastello.<\/p><p>Wenn Sie an der gro\u00dfen Schnellstra\u00dfe rechts abbiegen, erreichen Sie bald das sch\u00f6ne St\u00e4dtchen\u00a0<strong>Rethymnon<\/strong>. Legen Sie hier einen Pause ein und\u00a0 laufen Sei durch die kleinen Gassen. Fahren Sie dann Richtung\u00a0<strong>Plakias<\/strong>\u00a0besuchen Sie noch das\u00a0<strong>Kloster Preveli<\/strong>\u00a0oder den sch\u00f6nen Pferdehof bei\u00a0<strong>Plakias<\/strong>. Dann\u00a0 geht es zur\u00fcck \u00fcber\u00a0<strong>Selia<\/strong>\u00a0nach\u00a0<strong>Rodakino<\/strong>\u00a0und dann nach\u00a0<strong>Frangokastello<\/strong>.<\/p>\t\t\t\t\t\t<\/div>\n\t\t\t\t<\/div>\n\t\t\t\t<div class=\"elementor-element elementor-element-2d742e3 elementor-widget elementor-widget-google_maps\" data-id=\"2d742e3\" data-element_type=\"widget\" data-widget_type=\"google_maps.default\">\n\t\t\t\t<div class=\"elementor-widget-container\">\n\t\t\t\t\t<div class=\"elementor-custom-embed\">\n\t\t\t<iframe loading=\"lazy\"\n\t\t\t\t\tsrc=\"https:\/\/maps.google.com\/maps?q=Frangokastello%20Sfakia%20730%2011%2C%20Griechenland&#038;t=m&#038;z=14&#038;output=embed&#038;iwloc=near\"\n\t\t\t\t\ttitle=\"Frangokastello Sfakia 730 11, Griechenland\"\n\t\t\t\t\taria-label=\"Frangokastello Sfakia 730 11, Griechenland\"\n\t\t\t><\/iframe>\n\t\t<\/div>\n\t\t\t\t<\/div>\n\t\t\t\t<\/div>\n\t\t\t\t<div class=\"elementor-element elementor-element-7cb5c53 elementor-widget elementor-widget-spacer\" data-id=\"7cb5c53\" data-element_type=\"widget\" data-widget_type=\"spacer.default\">\n\t\t\t\t<div class=\"elementor-widget-container\">\n\t\t\t\t\t<div class=\"elementor-spacer\">\n\t\t\t<div class=\"elementor-spacer-inner\"><\/div>\n\t\t<\/div>\n\t\t\t\t<\/div>\n\t\t\t\t<\/div>\n\t\t\t\t\t<\/div>\n\t\t<\/div>\n\t\t\t\t\t<\/div>\n\t\t<\/section>\n\t\t\t\t<\/div>","protected":false},"excerpt":{"rendered":"<p>Ausfl\u00fcge auf Kreta Erfahren Sie mehr \u00fcber DRIVEKRETA DRIVEKRETA \u00a0Ausfluge auf Kreta\u00a0 Kreta liegt im Kreuzpunkt der drei Kontinente Europa, Asien und Afrika und hat eine Fl\u00e4che von 8261 km2 sowie ca.1066 km K\u00fcstenlinie. Kreta die f\u00fcnf gr\u00f6sste Insel im Mittelmeer. Die Insel besticht mitnat\u00fcrlicher Sch\u00f6nheit, dem angenehmen Klima und der Gastfreundschaft der Bewohner. Kretas [&hellip;]<\/p>","protected":false},"author":1,"featured_media":0,"parent":0,"menu_order":0,"comment_status":"closed","ping_status":"closed","template":"elementor_header_footer","meta":{"footnotes":""},"class_list":["post-3398","page","type-page","status-publish","hentry"],"yoast_head":"<!-- This site is optimized with the Yoast SEO plugin v22.9 - https:\/\/yoast.com\/wordpress\/plugins\/seo\/ -->\n<title>Ausfl\u00fcge - DRIVEKRETA - Autovermietung Kreta<\/title>\n<meta name=\"description\" content=\"Ihre iGO-Rental Autovermietung: Starke Mietwagen-Angebote nur bei uns! Finden Sie hier Ihr n\u00e4chstes Auto. Jetzt unsere Flotte kennenlernen\" \/>\n<meta name=\"robots\" content=\"index, follow, max-snippet:-1, max-image-preview:large, max-video-preview:-1\" \/>\n<link rel=\"canonical\" href=\"https:\/\/www.drivekreta.de\/en\/ausfluege\/\" \/>\n<meta property=\"og:locale\" content=\"en_US\" \/>\n<meta property=\"og:type\" content=\"article\" \/>\n<meta property=\"og:title\" content=\"Ausfl\u00fcge - DRIVEKRETA - Autovermietung Kreta\" \/>\n<meta property=\"og:description\" content=\"Ihre iGO-Rental Autovermietung: Starke Mietwagen-Angebote nur bei uns! Finden Sie hier Ihr n\u00e4chstes Auto. Jetzt unsere Flotte kennenlernen\" \/>\n<meta property=\"og:url\" content=\"https:\/\/www.drivekreta.de\/en\/ausfluege\/\" \/>\n<meta property=\"og:site_name\" content=\"DRIVEKRETA - Autovermietung Kreta\" \/>\n<meta property=\"article:modified_time\" content=\"2026-01-20T13:48:54+00:00\" \/>\n<meta property=\"og:image\" content=\"https:\/\/www.drivekreta.de\/wp-content\/uploads\/2023\/07\/red-car-with-a-window-decal-mockup-on-the-back-window-reflecting-clouds-a15350-2-1-1-1.png\" \/>\n\t<meta property=\"og:image:width\" content=\"1000\" \/>\n\t<meta property=\"og:image:height\" content=\"750\" \/>\n\t<meta property=\"og:image:type\" content=\"image\/png\" \/>\n<meta name=\"twitter:card\" content=\"summary_large_image\" \/>\n<meta name=\"twitter:label1\" content=\"Est. reading time\" \/>\n\t<meta name=\"twitter:data1\" content=\"2 minutes\" \/>\n<script type=\"application\/ld+json\" class=\"yoast-schema-graph\">{\"@context\":\"https:\/\/schema.org\",\"@graph\":[{\"@type\":\"WebPage\",\"@id\":\"https:\/\/www.drivekreta.de\/ausfluege\/\",\"url\":\"https:\/\/www.drivekreta.de\/ausfluege\/\",\"name\":\"Ausfl\u00fcge - DRIVEKRETA - Autovermietung Kreta\",\"isPartOf\":{\"@id\":\"https:\/\/www.drivekreta.de\/#website\"},\"datePublished\":\"2023-07-13T10:28:49+00:00\",\"dateModified\":\"2026-01-20T13:48:54+00:00\",\"description\":\"Ihre iGO-Rental Autovermietung: Starke Mietwagen-Angebote nur bei uns! Finden Sie hier Ihr n\u00e4chstes Auto. Jetzt unsere Flotte kennenlernen\",\"breadcrumb\":{\"@id\":\"https:\/\/www.drivekreta.de\/ausfluege\/#breadcrumb\"},\"inLanguage\":\"en-US\",\"potentialAction\":[{\"@type\":\"ReadAction\",\"target\":[\"https:\/\/www.drivekreta.de\/ausfluege\/\"]}]},{\"@type\":\"BreadcrumbList\",\"@id\":\"https:\/\/www.drivekreta.de\/ausfluege\/#breadcrumb\",\"itemListElement\":[{\"@type\":\"ListItem\",\"position\":1,\"name\":\"Startseite\",\"item\":\"https:\/\/www.drivekreta.de\/\"},{\"@type\":\"ListItem\",\"position\":2,\"name\":\"Ausfl\u00fcge\"}]},{\"@type\":\"WebSite\",\"@id\":\"https:\/\/www.drivekreta.de\/#website\",\"url\":\"https:\/\/www.drivekreta.de\/\",\"name\":\"DRIVEKRETA - Autovermietung Kreta\",\"description\":\"24h-Service &amp; 25 Jahre Erfahrung\",\"publisher\":{\"@id\":\"https:\/\/www.drivekreta.de\/#organization\"},\"potentialAction\":[{\"@type\":\"SearchAction\",\"target\":{\"@type\":\"EntryPoint\",\"urlTemplate\":\"https:\/\/www.drivekreta.de\/?s={search_term_string}\"},\"query-input\":\"required name=search_term_string\"}],\"inLanguage\":\"en-US\"},{\"@type\":\"Organization\",\"@id\":\"https:\/\/www.drivekreta.de\/#organization\",\"name\":\"DRIVEKRETA - Autovermietung Kreta\",\"url\":\"https:\/\/www.drivekreta.de\/\",\"logo\":{\"@type\":\"ImageObject\",\"inLanguage\":\"en-US\",\"@id\":\"https:\/\/www.drivekreta.de\/#\/schema\/logo\/image\/\",\"url\":\"https:\/\/car-rental.bestelloo.de\/wp-content\/uploads\/2023\/07\/drive-kreta-favicon.png\",\"contentUrl\":\"https:\/\/car-rental.bestelloo.de\/wp-content\/uploads\/2023\/07\/drive-kreta-favicon.png\",\"width\":500,\"height\":500,\"caption\":\"DRIVEKRETA - Autovermietung Kreta\"},\"image\":{\"@id\":\"https:\/\/www.drivekreta.de\/#\/schema\/logo\/image\/\"}}]}<\/script>\n<!-- \/ Yoast SEO plugin. -->","yoast_head_json":{"title":"Ausfl\u00fcge - DRIVEKRETA - Autovermietung Kreta","description":"Ihre iGO-Rental Autovermietung: Starke Mietwagen-Angebote nur bei uns! Finden Sie hier Ihr n\u00e4chstes Auto. Jetzt unsere Flotte kennenlernen","robots":{"index":"index","follow":"follow","max-snippet":"max-snippet:-1","max-image-preview":"max-image-preview:large","max-video-preview":"max-video-preview:-1"},"canonical":"https:\/\/www.drivekreta.de\/en\/ausfluege\/","og_locale":"en_US","og_type":"article","og_title":"Ausfl\u00fcge - DRIVEKRETA - Autovermietung Kreta","og_description":"Ihre iGO-Rental Autovermietung: Starke Mietwagen-Angebote nur bei uns! Finden Sie hier Ihr n\u00e4chstes Auto. Jetzt unsere Flotte kennenlernen","og_url":"https:\/\/www.drivekreta.de\/en\/ausfluege\/","og_site_name":"DRIVEKRETA - Autovermietung Kreta","article_modified_time":"2026-01-20T13:48:54+00:00","og_image":[{"width":1000,"height":750,"url":"https:\/\/www.drivekreta.de\/wp-content\/uploads\/2023\/07\/red-car-with-a-window-decal-mockup-on-the-back-window-reflecting-clouds-a15350-2-1-1-1.png","type":"image\/png"}],"twitter_card":"summary_large_image","twitter_misc":{"Est. reading time":"2 minutes"},"schema":{"@context":"https:\/\/schema.org","@graph":[{"@type":"WebPage","@id":"https:\/\/www.drivekreta.de\/ausfluege\/","url":"https:\/\/www.drivekreta.de\/ausfluege\/","name":"Ausfl\u00fcge - DRIVEKRETA - Autovermietung Kreta","isPartOf":{"@id":"https:\/\/www.drivekreta.de\/#website"},"datePublished":"2023-07-13T10:28:49+00:00","dateModified":"2026-01-20T13:48:54+00:00","description":"Ihre iGO-Rental Autovermietung: Starke Mietwagen-Angebote nur bei uns! Finden Sie hier Ihr n\u00e4chstes Auto. Jetzt unsere Flotte kennenlernen","breadcrumb":{"@id":"https:\/\/www.drivekreta.de\/ausfluege\/#breadcrumb"},"inLanguage":"en-US","potentialAction":[{"@type":"ReadAction","target":["https:\/\/www.drivekreta.de\/ausfluege\/"]}]},{"@type":"BreadcrumbList","@id":"https:\/\/www.drivekreta.de\/ausfluege\/#breadcrumb","itemListElement":[{"@type":"ListItem","position":1,"name":"Startseite","item":"https:\/\/www.drivekreta.de\/"},{"@type":"ListItem","position":2,"name":"Ausfl\u00fcge"}]},{"@type":"WebSite","@id":"https:\/\/www.drivekreta.de\/#website","url":"https:\/\/www.drivekreta.de\/","name":"DRIVEKRETA - Autovermietung Kreta","description":"24h-Service &amp; 25 Jahre Erfahrung","publisher":{"@id":"https:\/\/www.drivekreta.de\/#organization"},"potentialAction":[{"@type":"SearchAction","target":{"@type":"EntryPoint","urlTemplate":"https:\/\/www.drivekreta.de\/?s={search_term_string}"},"query-input":"required name=search_term_string"}],"inLanguage":"en-US"},{"@type":"Organization","@id":"https:\/\/www.drivekreta.de\/#organization","name":"DRIVEKRETA - Autovermietung Kreta","url":"https:\/\/www.drivekreta.de\/","logo":{"@type":"ImageObject","inLanguage":"en-US","@id":"https:\/\/www.drivekreta.de\/#\/schema\/logo\/image\/","url":"https:\/\/car-rental.bestelloo.de\/wp-content\/uploads\/2023\/07\/drive-kreta-favicon.png","contentUrl":"https:\/\/car-rental.bestelloo.de\/wp-content\/uploads\/2023\/07\/drive-kreta-favicon.png","width":500,"height":500,"caption":"DRIVEKRETA - Autovermietung Kreta"},"image":{"@id":"https:\/\/www.drivekreta.de\/#\/schema\/logo\/image\/"}}]}},"_links":{"self":[{"href":"https:\/\/www.drivekreta.de\/en\/wp-json\/wp\/v2\/pages\/3398","targetHints":{"allow":["GET"]}}],"collection":[{"href":"https:\/\/www.drivekreta.de\/en\/wp-json\/wp\/v2\/pages"}],"about":[{"href":"https:\/\/www.drivekreta.de\/en\/wp-json\/wp\/v2\/types\/page"}],"author":[{"embeddable":true,"href":"https:\/\/www.drivekreta.de\/en\/wp-json\/wp\/v2\/users\/1"}],"replies":[{"embeddable":true,"href":"https:\/\/www.drivekreta.de\/en\/wp-json\/wp\/v2\/comments?post=3398"}],"version-history":[{"count":21,"href":"https:\/\/www.drivekreta.de\/en\/wp-json\/wp\/v2\/pages\/3398\/revisions"}],"predecessor-version":[{"id":4815,"href":"https:\/\/www.drivekreta.de\/en\/wp-json\/wp\/v2\/pages\/3398\/revisions\/4815"}],"wp:attachment":[{"href":"https:\/\/www.drivekreta.de\/en\/wp-json\/wp\/v2\/media?parent=3398"}],"curies":[{"name":"wp","href":"https:\/\/api.w.org\/{rel}","templated":true}]}}