{"id":386,"date":"2020-03-13T13:49:12","date_gmt":"2020-03-13T12:49:12","guid":{"rendered":"https:\/\/www.drivekreta.de\/?page_id=386"},"modified":"2023-10-11T12:35:10","modified_gmt":"2023-10-11T10:35:10","slug":"agb","status":"publish","type":"page","link":"https:\/\/www.drivekreta.de\/en\/agb\/","title":{"rendered":"Terms"},"content":{"rendered":"<div data-elementor-type=\"wp-page\" data-elementor-id=\"386\" class=\"elementor elementor-386\" data-elementor-post-type=\"page\">\n\t\t\t\t\t\t<section class=\"elementor-section elementor-top-section elementor-element elementor-element-7d35ef9 elementor-section-height-min-height elementor-section-boxed elementor-section-height-default elementor-section-items-middle\" data-id=\"7d35ef9\" data-element_type=\"section\" data-settings=\"{&quot;background_background&quot;:&quot;classic&quot;}\">\n\t\t\t\t\t\t\t<div class=\"elementor-background-overlay\"><\/div>\n\t\t\t\t\t\t\t<div class=\"elementor-container elementor-column-gap-default\">\n\t\t\t\t\t<div class=\"elementor-column elementor-col-100 elementor-top-column elementor-element elementor-element-a22f039\" data-id=\"a22f039\" data-element_type=\"column\">\n\t\t\t<div class=\"elementor-widget-wrap elementor-element-populated\">\n\t\t\t\t\t\t<div class=\"elementor-element elementor-element-ce8f43a elementor-widget elementor-widget-heading\" data-id=\"ce8f43a\" data-element_type=\"widget\" data-widget_type=\"heading.default\">\n\t\t\t\t<div class=\"elementor-widget-container\">\n\t\t\t<h2 class=\"elementor-heading-title elementor-size-large\">Terms<\/h2>\t\t<\/div>\n\t\t\t\t<\/div>\n\t\t\t\t<div class=\"elementor-element elementor-element-79289fd elementor-widget-divider--view-line elementor-widget elementor-widget-divider\" data-id=\"79289fd\" data-element_type=\"widget\" data-widget_type=\"divider.default\">\n\t\t\t\t<div class=\"elementor-widget-container\">\n\t\t\t\t\t<div class=\"elementor-divider\">\n\t\t\t<span class=\"elementor-divider-separator\">\n\t\t\t\t\t\t<\/span>\n\t\t<\/div>\n\t\t\t\t<\/div>\n\t\t\t\t<\/div>\n\t\t\t\t<div class=\"elementor-element elementor-element-e042551 elementor-widget elementor-widget-text-editor\" data-id=\"e042551\" data-element_type=\"widget\" data-widget_type=\"text-editor.default\">\n\t\t\t\t<div class=\"elementor-widget-container\">\n\t\t\t\t\t\t\tGeneral terms and conditions\t\t\t\t\t\t<\/div>\n\t\t\t\t<\/div>\n\t\t\t\t\t<\/div>\n\t\t<\/div>\n\t\t\t\t\t<\/div>\n\t\t<\/section>\n\t\t\t\t<section class=\"elementor-section elementor-top-section elementor-element elementor-element-5f3e566 elementor-section-boxed elementor-section-height-default elementor-section-height-default\" data-id=\"5f3e566\" data-element_type=\"section\">\n\t\t\t\t\t\t<div class=\"elementor-container elementor-column-gap-default\">\n\t\t\t\t\t<div class=\"elementor-column elementor-col-100 elementor-top-column elementor-element elementor-element-e73442d\" data-id=\"e73442d\" data-element_type=\"column\">\n\t\t\t<div class=\"elementor-widget-wrap elementor-element-populated\">\n\t\t\t\t\t\t<div class=\"elementor-element elementor-element-8dae731 elementor-widget elementor-widget-text-editor\" data-id=\"8dae731\" data-element_type=\"widget\" data-widget_type=\"text-editor.default\">\n\t\t\t\t<div class=\"elementor-widget-container\">\n\t\t\t\t\t\t\t<p>Each driver of the vehicle is obliged to handle the vehicle with due care, to check the condition of the engine and, in case of a longer rental period, to check the condition of the coolant, oil condition and tire pressure.<\/p>\n<p>The driver must be 23 years old and hold a valid driving licence for 3 years.<\/p>\n<p>If incorrect fuel is supplied to the rented vehicle, the rentee will pay the amount of the repair. Fines for misdemeanours are to be paid by the rentee.<\/p>\n<p>\nThe minimum rental period is 1 day.<\/p>\n<p>The rental car may not be used for purposes other than those for which it was rented:<br>for the paid transport of persons or objects, for towing or towing other vehicles, for the transport of heavy objects above the loading limit, for the transport of flammable pollutants or odorous substances or materials, for actions that violate applicable customs regulations, traffic regulations or other statutory provisions, for car racing, for rental to third parties.<\/p>\n<p>The client or authorized driver shall be liable for any consequences resulting from the violation.<\/p>\n<p>Due to insurance regulations, the rented vehicle may not leave the island.<\/p>\n<p>The insurance will only cover damages in case of contractually agreed use of the rented vehicle.<\/p>\n<p>In the following cases, for example, the insurance company refuses to settle damages:<br>Driving the rented vehicle by the driver or authorized driver under the influence of alcohol, drugs, intoxicants or substances which impair the ability to drive.<\/p>\n<p>Damage to or destruction of the vehicle, or parts thereof, by the client's authorized driver or passengers. Driving the rental car by a person not listed in the rental agreement.<\/p>\n<p>The settlement of damages to tires or subsurface if these were caused by negligent or grossly negligent actions, e.g. driving on unpaved roads.<\/p>\n<p>In the event of an accident, the client must stay with the vehicle at the scene of the accident, call the police and inform the rental company.<\/p>\n<p>Without a police accident report, the rentee is responsible for the amount of the repair.\nLiability insurance: The rentee is insured with a coverage of \u20ac 1,000,000 for property damage.<\/p><p>Theft and fire insurance without additional charges. Accident insurance for vehicle occupants (with the exception of the driver) with a sum insured of \u20ac 1,000,000 per person. Glass insurance without additional charges. Breakdown service all over Crete.<\/p>\t\t\t\t\t\t<\/div>\n\t\t\t\t<\/div>\n\t\t\t\t\t<\/div>\n\t\t<\/div>\n\t\t\t\t\t<\/div>\n\t\t<\/section>\n\t\t\t\t<\/div>","protected":false},"excerpt":{"rendered":"<p>AGB Allgemeine Gesch\u00e4ftsbedingungen Der Entleiher des Fahrzeugs ist verpflichtet das Fahrzeug mit der gebotenen Sorgfalt zu behandeln, den Zustand des Motors zu pr\u00fcfen und bei l\u00e4ngerer Entleihzeit den Zustand des K\u00fchlmittels, \u00d6lzustand und den Reifendruck zu \u00fcberpr\u00fcfen. Der Fahrer muss 23 Jahre alt sein und 3 Jahre im Besitz eines g\u00fcltigen F\u00fchrerscheins sein. Wird dem [&hellip;]<\/p>","protected":false},"author":1,"featured_media":0,"parent":0,"menu_order":0,"comment_status":"closed","ping_status":"closed","template":"elementor_header_footer","meta":{"footnotes":""},"class_list":["post-386","page","type-page","status-publish","hentry"],"yoast_head":"<!-- This site is optimized with the Yoast SEO plugin v22.9 - https:\/\/yoast.com\/wordpress\/plugins\/seo\/ -->\n<title>AGB - DRIVEKRETA - Autovermietung Kreta<\/title>\n<meta name=\"description\" content=\"Ihre DRIVEKRETA Autovermietung: Starke Mietwagen-Angebote nur bei uns! Finden Sie hier Ihr n\u00e4chstes Auto. Jetzt unsere Flotte kennenlernen\" \/>\n<meta name=\"robots\" content=\"index, follow, max-snippet:-1, max-image-preview:large, max-video-preview:-1\" \/>\n<link rel=\"canonical\" href=\"https:\/\/www.drivekreta.de\/en\/agb\/\" \/>\n<meta property=\"og:locale\" content=\"en_US\" \/>\n<meta property=\"og:type\" content=\"article\" \/>\n<meta property=\"og:title\" content=\"AGB - DRIVEKRETA - Autovermietung Kreta\" \/>\n<meta property=\"og:description\" content=\"Ihre DRIVEKRETA Autovermietung: Starke Mietwagen-Angebote nur bei uns! Finden Sie hier Ihr n\u00e4chstes Auto. Jetzt unsere Flotte kennenlernen\" \/>\n<meta property=\"og:url\" content=\"https:\/\/www.drivekreta.de\/en\/agb\/\" \/>\n<meta property=\"og:site_name\" content=\"DRIVEKRETA - Autovermietung Kreta\" \/>\n<meta property=\"article:modified_time\" content=\"2023-10-11T10:35:10+00:00\" \/>\n<meta property=\"og:image\" content=\"https:\/\/www.drivekreta.de\/wp-content\/uploads\/2023\/07\/red-car-with-a-window-decal-mockup-on-the-back-window-reflecting-clouds-a15350-2-1-1-1.png\" \/>\n\t<meta property=\"og:image:width\" content=\"1000\" \/>\n\t<meta property=\"og:image:height\" content=\"750\" \/>\n\t<meta property=\"og:image:type\" content=\"image\/png\" \/>\n<meta name=\"twitter:card\" content=\"summary_large_image\" \/>\n<meta name=\"twitter:label1\" content=\"Est. reading time\" \/>\n\t<meta name=\"twitter:data1\" content=\"2 minutes\" \/>\n<script type=\"application\/ld+json\" class=\"yoast-schema-graph\">{\"@context\":\"https:\/\/schema.org\",\"@graph\":[{\"@type\":\"WebPage\",\"@id\":\"https:\/\/www.drivekreta.de\/en\/agb\/\",\"url\":\"https:\/\/www.drivekreta.de\/en\/agb\/\",\"name\":\"AGB - DRIVEKRETA - Autovermietung Kreta\",\"isPartOf\":{\"@id\":\"https:\/\/www.drivekreta.de\/#website\"},\"datePublished\":\"2020-03-13T12:49:12+00:00\",\"dateModified\":\"2023-10-11T10:35:10+00:00\",\"description\":\"Ihre DRIVEKRETA Autovermietung: Starke Mietwagen-Angebote nur bei uns! Finden Sie hier Ihr n\u00e4chstes Auto. Jetzt unsere Flotte kennenlernen\",\"breadcrumb\":{\"@id\":\"https:\/\/www.drivekreta.de\/en\/agb\/#breadcrumb\"},\"inLanguage\":\"en-US\",\"potentialAction\":[{\"@type\":\"ReadAction\",\"target\":[\"https:\/\/www.drivekreta.de\/en\/agb\/\"]}]},{\"@type\":\"BreadcrumbList\",\"@id\":\"https:\/\/www.drivekreta.de\/en\/agb\/#breadcrumb\",\"itemListElement\":[{\"@type\":\"ListItem\",\"position\":1,\"name\":\"Startseite\",\"item\":\"https:\/\/www.drivekreta.de\/\"},{\"@type\":\"ListItem\",\"position\":2,\"name\":\"AGB\"}]},{\"@type\":\"WebSite\",\"@id\":\"https:\/\/www.drivekreta.de\/#website\",\"url\":\"https:\/\/www.drivekreta.de\/\",\"name\":\"DRIVEKRETA - Autovermietung Kreta\",\"description\":\"24h-Service &amp; 25 Jahre Erfahrung\",\"publisher\":{\"@id\":\"https:\/\/www.drivekreta.de\/#organization\"},\"potentialAction\":[{\"@type\":\"SearchAction\",\"target\":{\"@type\":\"EntryPoint\",\"urlTemplate\":\"https:\/\/www.drivekreta.de\/?s={search_term_string}\"},\"query-input\":\"required name=search_term_string\"}],\"inLanguage\":\"en-US\"},{\"@type\":\"Organization\",\"@id\":\"https:\/\/www.drivekreta.de\/#organization\",\"name\":\"DRIVEKRETA - Autovermietung Kreta\",\"url\":\"https:\/\/www.drivekreta.de\/\",\"logo\":{\"@type\":\"ImageObject\",\"inLanguage\":\"en-US\",\"@id\":\"https:\/\/www.drivekreta.de\/#\/schema\/logo\/image\/\",\"url\":\"https:\/\/car-rental.bestelloo.de\/wp-content\/uploads\/2023\/07\/drive-kreta-favicon.png\",\"contentUrl\":\"https:\/\/car-rental.bestelloo.de\/wp-content\/uploads\/2023\/07\/drive-kreta-favicon.png\",\"width\":500,\"height\":500,\"caption\":\"DRIVEKRETA - Autovermietung Kreta\"},\"image\":{\"@id\":\"https:\/\/www.drivekreta.de\/#\/schema\/logo\/image\/\"}}]}<\/script>\n<!-- \/ Yoast SEO plugin. -->","yoast_head_json":{"title":"AGB - DRIVEKRETA - Autovermietung Kreta","description":"Ihre DRIVEKRETA Autovermietung: Starke Mietwagen-Angebote nur bei uns! Finden Sie hier Ihr n\u00e4chstes Auto. Jetzt unsere Flotte kennenlernen","robots":{"index":"index","follow":"follow","max-snippet":"max-snippet:-1","max-image-preview":"max-image-preview:large","max-video-preview":"max-video-preview:-1"},"canonical":"https:\/\/www.drivekreta.de\/en\/agb\/","og_locale":"en_US","og_type":"article","og_title":"AGB - DRIVEKRETA - Autovermietung Kreta","og_description":"Ihre DRIVEKRETA Autovermietung: Starke Mietwagen-Angebote nur bei uns! Finden Sie hier Ihr n\u00e4chstes Auto. Jetzt unsere Flotte kennenlernen","og_url":"https:\/\/www.drivekreta.de\/en\/agb\/","og_site_name":"DRIVEKRETA - Autovermietung Kreta","article_modified_time":"2023-10-11T10:35:10+00:00","og_image":[{"width":1000,"height":750,"url":"https:\/\/www.drivekreta.de\/wp-content\/uploads\/2023\/07\/red-car-with-a-window-decal-mockup-on-the-back-window-reflecting-clouds-a15350-2-1-1-1.png","type":"image\/png"}],"twitter_card":"summary_large_image","twitter_misc":{"Est. reading time":"2 minutes"},"schema":{"@context":"https:\/\/schema.org","@graph":[{"@type":"WebPage","@id":"https:\/\/www.drivekreta.de\/en\/agb\/","url":"https:\/\/www.drivekreta.de\/en\/agb\/","name":"AGB - DRIVEKRETA - Autovermietung Kreta","isPartOf":{"@id":"https:\/\/www.drivekreta.de\/#website"},"datePublished":"2020-03-13T12:49:12+00:00","dateModified":"2023-10-11T10:35:10+00:00","description":"Ihre DRIVEKRETA Autovermietung: Starke Mietwagen-Angebote nur bei uns! Finden Sie hier Ihr n\u00e4chstes Auto. Jetzt unsere Flotte kennenlernen","breadcrumb":{"@id":"https:\/\/www.drivekreta.de\/en\/agb\/#breadcrumb"},"inLanguage":"en-US","potentialAction":[{"@type":"ReadAction","target":["https:\/\/www.drivekreta.de\/en\/agb\/"]}]},{"@type":"BreadcrumbList","@id":"https:\/\/www.drivekreta.de\/en\/agb\/#breadcrumb","itemListElement":[{"@type":"ListItem","position":1,"name":"Startseite","item":"https:\/\/www.drivekreta.de\/"},{"@type":"ListItem","position":2,"name":"AGB"}]},{"@type":"WebSite","@id":"https:\/\/www.drivekreta.de\/#website","url":"https:\/\/www.drivekreta.de\/","name":"DRIVEKRETA - Autovermietung Kreta","description":"24h-Service &amp; 25 Jahre Erfahrung","publisher":{"@id":"https:\/\/www.drivekreta.de\/#organization"},"potentialAction":[{"@type":"SearchAction","target":{"@type":"EntryPoint","urlTemplate":"https:\/\/www.drivekreta.de\/?s={search_term_string}"},"query-input":"required name=search_term_string"}],"inLanguage":"en-US"},{"@type":"Organization","@id":"https:\/\/www.drivekreta.de\/#organization","name":"DRIVEKRETA - Autovermietung Kreta","url":"https:\/\/www.drivekreta.de\/","logo":{"@type":"ImageObject","inLanguage":"en-US","@id":"https:\/\/www.drivekreta.de\/#\/schema\/logo\/image\/","url":"https:\/\/car-rental.bestelloo.de\/wp-content\/uploads\/2023\/07\/drive-kreta-favicon.png","contentUrl":"https:\/\/car-rental.bestelloo.de\/wp-content\/uploads\/2023\/07\/drive-kreta-favicon.png","width":500,"height":500,"caption":"DRIVEKRETA - Autovermietung Kreta"},"image":{"@id":"https:\/\/www.drivekreta.de\/#\/schema\/logo\/image\/"}}]}},"_links":{"self":[{"href":"https:\/\/www.drivekreta.de\/en\/wp-json\/wp\/v2\/pages\/386","targetHints":{"allow":["GET"]}}],"collection":[{"href":"https:\/\/www.drivekreta.de\/en\/wp-json\/wp\/v2\/pages"}],"about":[{"href":"https:\/\/www.drivekreta.de\/en\/wp-json\/wp\/v2\/types\/page"}],"author":[{"embeddable":true,"href":"https:\/\/www.drivekreta.de\/en\/wp-json\/wp\/v2\/users\/1"}],"replies":[{"embeddable":true,"href":"https:\/\/www.drivekreta.de\/en\/wp-json\/wp\/v2\/comments?post=386"}],"version-history":[{"count":0,"href":"https:\/\/www.drivekreta.de\/en\/wp-json\/wp\/v2\/pages\/386\/revisions"}],"wp:attachment":[{"href":"https:\/\/www.drivekreta.de\/en\/wp-json\/wp\/v2\/media?parent=386"}],"curies":[{"name":"wp","href":"https:\/\/api.w.org\/{rel}","templated":true}]}}