{"id":415,"date":"2020-03-31T11:41:56","date_gmt":"2020-03-31T09:41:56","guid":{"rendered":"https:\/\/www.drivekreta.de\/kasse\/"},"modified":"2023-10-19T11:20:36","modified_gmt":"2023-10-19T09:20:36","slug":"standorte","status":"publish","type":"page","link":"https:\/\/www.drivekreta.de\/en\/standorte\/","title":{"rendered":"Locations"},"content":{"rendered":"<div data-elementor-type=\"wp-page\" data-elementor-id=\"415\" class=\"elementor elementor-415\" data-elementor-post-type=\"page\">\n\t\t\t\t\t\t<section class=\"elementor-section elementor-top-section elementor-element elementor-element-0e99a41 elementor-section-height-min-height elementor-section-boxed elementor-section-height-default elementor-section-items-middle\" data-id=\"0e99a41\" data-element_type=\"section\" data-settings=\"{&quot;background_background&quot;:&quot;classic&quot;}\">\n\t\t\t\t\t\t\t<div class=\"elementor-background-overlay\"><\/div>\n\t\t\t\t\t\t\t<div class=\"elementor-container elementor-column-gap-default\">\n\t\t\t\t\t<div class=\"elementor-column elementor-col-100 elementor-top-column elementor-element elementor-element-5e276fa\" data-id=\"5e276fa\" data-element_type=\"column\">\n\t\t\t<div class=\"elementor-widget-wrap elementor-element-populated\">\n\t\t\t\t\t\t<div class=\"elementor-element elementor-element-44117d4 elementor-widget elementor-widget-heading\" data-id=\"44117d4\" data-element_type=\"widget\" data-widget_type=\"heading.default\">\n\t\t\t\t<div class=\"elementor-widget-container\">\n\t\t\t<h2 class=\"elementor-heading-title elementor-size-large\">Locations<\/h2>\t\t<\/div>\n\t\t\t\t<\/div>\n\t\t\t\t<div class=\"elementor-element elementor-element-3662e3b elementor-widget-divider--view-line elementor-widget elementor-widget-divider\" data-id=\"3662e3b\" data-element_type=\"widget\" data-widget_type=\"divider.default\">\n\t\t\t\t<div class=\"elementor-widget-container\">\n\t\t\t\t\t<div class=\"elementor-divider\">\n\t\t\t<span class=\"elementor-divider-separator\">\n\t\t\t\t\t\t<\/span>\n\t\t<\/div>\n\t\t\t\t<\/div>\n\t\t\t\t<\/div>\n\t\t\t\t<div class=\"elementor-element elementor-element-3893acf elementor-widget elementor-widget-text-editor\" data-id=\"3893acf\" data-element_type=\"widget\" data-widget_type=\"text-editor.default\">\n\t\t\t\t<div class=\"elementor-widget-container\">\n\t\t\t\t\t\t\t<p>DRIVEKRETA \u00dcbernahme &amp; \u00dcbergabe<\/p>\t\t\t\t\t\t<\/div>\n\t\t\t\t<\/div>\n\t\t\t\t\t<\/div>\n\t\t<\/div>\n\t\t\t\t\t<\/div>\n\t\t<\/section>\n\t\t\t\t<section class=\"elementor-section elementor-top-section elementor-element elementor-element-d30feb9 elementor-section-boxed elementor-section-height-default elementor-section-height-default\" data-id=\"d30feb9\" data-element_type=\"section\">\n\t\t\t\t\t\t<div class=\"elementor-container elementor-column-gap-no\">\n\t\t\t\t\t<div class=\"elementor-column elementor-col-100 elementor-top-column elementor-element elementor-element-f2c7329\" data-id=\"f2c7329\" data-element_type=\"column\">\n\t\t\t<div class=\"elementor-widget-wrap elementor-element-populated\">\n\t\t\t\t\t\t<div class=\"elementor-element elementor-element-4fa4a00 elementor-widget elementor-widget-heading\" data-id=\"4fa4a00\" data-element_type=\"widget\" data-widget_type=\"heading.default\">\n\t\t\t\t<div class=\"elementor-widget-container\">\n\t\t\t<h2 class=\"elementor-heading-title elementor-size-default\">DRIVEKRETA<\/h2>\t\t<\/div>\n\t\t\t\t<\/div>\n\t\t\t\t<div class=\"elementor-element elementor-element-1544d62 elementor-widget elementor-widget-text-editor\" data-id=\"1544d62\" data-element_type=\"widget\" data-widget_type=\"text-editor.default\">\n\t\t\t\t<div class=\"elementor-widget-container\">\n\t\t\t\t\t\t\t<p>Fahrzeugservice<\/p>\t\t\t\t\t\t<\/div>\n\t\t\t\t<\/div>\n\t\t\t\t<div class=\"elementor-element elementor-element-b84ba70 elementor-widget elementor-widget-text-editor\" data-id=\"b84ba70\" data-element_type=\"widget\" data-widget_type=\"text-editor.default\">\n\t\t\t\t<div class=\"elementor-widget-container\">\n\t\t\t\t\t\t\tAn folgenden Standorten k\u00f6nnen Sie Ihren gebuchten Wagen \u00fcbernehmen und\/oder \u00fcbergeben!\t\t\t\t\t\t<\/div>\n\t\t\t\t<\/div>\n\t\t\t\t<section class=\"elementor-section elementor-inner-section elementor-element elementor-element-ccdee93 elementor-section-boxed elementor-section-height-default elementor-section-height-default\" data-id=\"ccdee93\" data-element_type=\"section\">\n\t\t\t\t\t\t<div class=\"elementor-container elementor-column-gap-default\">\n\t\t\t\t\t<div class=\"elementor-column elementor-col-100 elementor-inner-column elementor-element elementor-element-0312110\" data-id=\"0312110\" data-element_type=\"column\">\n\t\t\t<div class=\"elementor-widget-wrap elementor-element-populated\">\n\t\t\t\t\t\t<div class=\"elementor-element elementor-element-0f26969 elementor-widget elementor-widget-google_maps\" data-id=\"0f26969\" data-element_type=\"widget\" data-widget_type=\"google_maps.default\">\n\t\t\t\t<div class=\"elementor-widget-container\">\n\t\t\t\t\t<div class=\"elementor-custom-embed\">\n\t\t\t<iframe loading=\"lazy\"\n\t\t\t\t\tsrc=\"https:\/\/maps.google.com\/maps?q=drivekreta&#038;t=m&#038;z=10&#038;output=embed&#038;iwloc=near\"\n\t\t\t\t\ttitle=\"drivekreta\"\n\t\t\t\t\taria-label=\"drivekreta\"\n\t\t\t><\/iframe>\n\t\t<\/div>\n\t\t\t\t<\/div>\n\t\t\t\t<\/div>\n\t\t\t\t<div class=\"elementor-element elementor-element-8b9b419 elementor-widget elementor-widget-heading\" data-id=\"8b9b419\" data-element_type=\"widget\" data-widget_type=\"heading.default\">\n\t\t\t\t<div class=\"elementor-widget-container\">\n\t\t\t<h3 class=\"elementor-heading-title elementor-size-default\">Frangokastello Office<\/h3>\t\t<\/div>\n\t\t\t\t<\/div>\n\t\t\t\t<div class=\"elementor-element elementor-element-614d577 elementor-widget elementor-widget-text-editor\" data-id=\"614d577\" data-element_type=\"widget\" data-widget_type=\"text-editor.default\">\n\t\t\t\t<div class=\"elementor-widget-container\">\n\t\t\t\t\t\t\t<p>\u00dcbernahme: 0,00 EUR<br \/>\u00dcbergabe: 0,00 EUR<\/p>\t\t\t\t\t\t<\/div>\n\t\t\t\t<\/div>\n\t\t\t\t\t<\/div>\n\t\t<\/div>\n\t\t\t\t\t<\/div>\n\t\t<\/section>\n\t\t\t\t<section class=\"elementor-section elementor-inner-section elementor-element elementor-element-78cb6d3 elementor-section-boxed elementor-section-height-default elementor-section-height-default\" data-id=\"78cb6d3\" data-element_type=\"section\">\n\t\t\t\t\t\t<div class=\"elementor-container elementor-column-gap-default\">\n\t\t\t\t\t<div class=\"elementor-column elementor-col-50 elementor-inner-column elementor-element elementor-element-478bf52\" data-id=\"478bf52\" data-element_type=\"column\">\n\t\t\t<div class=\"elementor-widget-wrap elementor-element-populated\">\n\t\t\t\t\t\t<div class=\"elementor-element elementor-element-0fe4959 elementor-widget elementor-widget-google_maps\" data-id=\"0fe4959\" data-element_type=\"widget\" data-widget_type=\"google_maps.default\">\n\t\t\t\t<div class=\"elementor-widget-container\">\n\t\t\t\t\t<div class=\"elementor-custom-embed\">\n\t\t\t<iframe loading=\"lazy\"\n\t\t\t\t\tsrc=\"https:\/\/maps.google.com\/maps?q=Flughafen%20Heraklion&#038;t=m&#038;z=10&#038;output=embed&#038;iwloc=near\"\n\t\t\t\t\ttitle=\"Flughafen Heraklion\"\n\t\t\t\t\taria-label=\"Flughafen Heraklion\"\n\t\t\t><\/iframe>\n\t\t<\/div>\n\t\t\t\t<\/div>\n\t\t\t\t<\/div>\n\t\t\t\t<div class=\"elementor-element elementor-element-f3abc8d elementor-widget elementor-widget-heading\" data-id=\"f3abc8d\" data-element_type=\"widget\" data-widget_type=\"heading.default\">\n\t\t\t\t<div class=\"elementor-widget-container\">\n\t\t\t<h3 class=\"elementor-heading-title elementor-size-default\">Flughafen Heraklion<\/h3>\t\t<\/div>\n\t\t\t\t<\/div>\n\t\t\t\t<div class=\"elementor-element elementor-element-ae77812 elementor-widget elementor-widget-text-editor\" data-id=\"ae77812\" data-element_type=\"widget\" data-widget_type=\"text-editor.default\">\n\t\t\t\t<div class=\"elementor-widget-container\">\n\t\t\t\t\t\t\t<p>\u00dcbernahme: 0,00 EUR\u00a0<br \/>\u00dcbergabe: 0,00 EUR<\/p>\t\t\t\t\t\t<\/div>\n\t\t\t\t<\/div>\n\t\t\t\t\t<\/div>\n\t\t<\/div>\n\t\t\t\t<div class=\"elementor-column elementor-col-50 elementor-inner-column elementor-element elementor-element-0e64539\" data-id=\"0e64539\" data-element_type=\"column\">\n\t\t\t<div class=\"elementor-widget-wrap elementor-element-populated\">\n\t\t\t\t\t\t<div class=\"elementor-element elementor-element-c155d5f elementor-widget elementor-widget-google_maps\" data-id=\"c155d5f\" data-element_type=\"widget\" data-widget_type=\"google_maps.default\">\n\t\t\t\t<div class=\"elementor-widget-container\">\n\t\t\t\t\t<div class=\"elementor-custom-embed\">\n\t\t\t<iframe loading=\"lazy\"\n\t\t\t\t\tsrc=\"https:\/\/maps.google.com\/maps?q=Flughafen%20Chania&#038;t=m&#038;z=10&#038;output=embed&#038;iwloc=near\"\n\t\t\t\t\ttitle=\"Flughafen Chania\"\n\t\t\t\t\taria-label=\"Flughafen Chania\"\n\t\t\t><\/iframe>\n\t\t<\/div>\n\t\t\t\t<\/div>\n\t\t\t\t<\/div>\n\t\t\t\t<div class=\"elementor-element elementor-element-7304208 elementor-widget elementor-widget-heading\" data-id=\"7304208\" data-element_type=\"widget\" data-widget_type=\"heading.default\">\n\t\t\t\t<div class=\"elementor-widget-container\">\n\t\t\t<h3 class=\"elementor-heading-title elementor-size-default\">Flughafen Chania<\/h3>\t\t<\/div>\n\t\t\t\t<\/div>\n\t\t\t\t<div class=\"elementor-element elementor-element-e075ad2 elementor-widget elementor-widget-text-editor\" data-id=\"e075ad2\" data-element_type=\"widget\" data-widget_type=\"text-editor.default\">\n\t\t\t\t<div class=\"elementor-widget-container\">\n\t\t\t\t\t\t\t<p>\u00dcbernahme: 0,00 EUR<br \/>\u00dcbergabe: 0,00 EUR<\/p>\t\t\t\t\t\t<\/div>\n\t\t\t\t<\/div>\n\t\t\t\t\t<\/div>\n\t\t<\/div>\n\t\t\t\t\t<\/div>\n\t\t<\/section>\n\t\t\t\t<div class=\"elementor-element elementor-element-9b3b931 elementor-widget elementor-widget-spacer\" data-id=\"9b3b931\" data-element_type=\"widget\" data-widget_type=\"spacer.default\">\n\t\t\t\t<div class=\"elementor-widget-container\">\n\t\t\t\t\t<div class=\"elementor-spacer\">\n\t\t\t<div class=\"elementor-spacer-inner\"><\/div>\n\t\t<\/div>\n\t\t\t\t<\/div>\n\t\t\t\t<\/div>\n\t\t\t\t\t<\/div>\n\t\t<\/div>\n\t\t\t\t\t<\/div>\n\t\t<\/section>\n\t\t\t\t<\/div>","protected":false},"excerpt":{"rendered":"<p>Standorte DRIVEKRETA \u00dcbernahme &amp; \u00dcbergabe DRIVEKRETA Fahrzeugservice An folgenden Standorten k\u00f6nnen Sie Ihren gebuchten Wagen \u00fcbernehmen und\/oder \u00fcbergeben! Frangokastello Office \u00dcbernahme: 0,00 EUR\u00dcbergabe: 0,00 EUR Flughafen Heraklion \u00dcbernahme: 0,00 EUR\u00a0\u00dcbergabe: 0,00 EUR Flughafen Chania \u00dcbernahme: 0,00 EUR\u00dcbergabe: 0,00 EUR<\/p>","protected":false},"author":1,"featured_media":0,"parent":0,"menu_order":0,"comment_status":"closed","ping_status":"closed","template":"elementor_header_footer","meta":{"footnotes":""},"class_list":["post-415","page","type-page","status-publish","hentry"],"yoast_head":"<!-- This site is optimized with the Yoast SEO plugin v22.9 - https:\/\/yoast.com\/wordpress\/plugins\/seo\/ -->\n<title>Standorte - DRIVEKRETA - Autovermietung Kreta<\/title>\n<meta name=\"description\" content=\"An folgenden Standorten k\u00f6nnen Sie Ihren gebuchten Wagen \u00fcbernehmen und\/oder \u00fcbergeben! PREMIUM MIETWAGEN IN Griechenland VERF\u00dcGBAR.\" \/>\n<meta name=\"robots\" content=\"index, follow, max-snippet:-1, max-image-preview:large, max-video-preview:-1\" \/>\n<link rel=\"canonical\" href=\"https:\/\/www.drivekreta.de\/en\/standorte\/\" \/>\n<meta property=\"og:locale\" content=\"en_US\" \/>\n<meta property=\"og:type\" content=\"article\" \/>\n<meta property=\"og:title\" content=\"Standorte - DRIVEKRETA - Autovermietung Kreta\" \/>\n<meta property=\"og:description\" content=\"An folgenden Standorten k\u00f6nnen Sie Ihren gebuchten Wagen \u00fcbernehmen und\/oder \u00fcbergeben! PREMIUM MIETWAGEN IN Griechenland VERF\u00dcGBAR.\" \/>\n<meta property=\"og:url\" content=\"https:\/\/www.drivekreta.de\/en\/standorte\/\" \/>\n<meta property=\"og:site_name\" content=\"DRIVEKRETA - Autovermietung Kreta\" \/>\n<meta property=\"article:modified_time\" content=\"2023-10-19T09:20:36+00:00\" \/>\n<meta property=\"og:image\" content=\"https:\/\/www.drivekreta.de\/wp-content\/uploads\/2023\/07\/red-car-with-a-window-decal-mockup-on-the-back-window-reflecting-clouds-a15350-2-1-1-1.png\" \/>\n\t<meta property=\"og:image:width\" content=\"1000\" \/>\n\t<meta property=\"og:image:height\" content=\"750\" \/>\n\t<meta property=\"og:image:type\" content=\"image\/png\" \/>\n<meta name=\"twitter:card\" content=\"summary_large_image\" \/>\n<meta name=\"twitter:label1\" content=\"Est. reading time\" \/>\n\t<meta name=\"twitter:data1\" content=\"1 minute\" \/>\n<script type=\"application\/ld+json\" class=\"yoast-schema-graph\">{\"@context\":\"https:\/\/schema.org\",\"@graph\":[{\"@type\":\"WebPage\",\"@id\":\"https:\/\/www.drivekreta.de\/standorte\/\",\"url\":\"https:\/\/www.drivekreta.de\/standorte\/\",\"name\":\"Standorte - DRIVEKRETA - Autovermietung Kreta\",\"isPartOf\":{\"@id\":\"https:\/\/www.drivekreta.de\/#website\"},\"datePublished\":\"2020-03-31T09:41:56+00:00\",\"dateModified\":\"2023-10-19T09:20:36+00:00\",\"description\":\"An folgenden Standorten k\u00f6nnen Sie Ihren gebuchten Wagen \u00fcbernehmen und\/oder \u00fcbergeben! PREMIUM MIETWAGEN IN Griechenland VERF\u00dcGBAR.\",\"breadcrumb\":{\"@id\":\"https:\/\/www.drivekreta.de\/standorte\/#breadcrumb\"},\"inLanguage\":\"en-US\",\"potentialAction\":[{\"@type\":\"ReadAction\",\"target\":[\"https:\/\/www.drivekreta.de\/standorte\/\"]}]},{\"@type\":\"BreadcrumbList\",\"@id\":\"https:\/\/www.drivekreta.de\/standorte\/#breadcrumb\",\"itemListElement\":[{\"@type\":\"ListItem\",\"position\":1,\"name\":\"Startseite\",\"item\":\"https:\/\/www.drivekreta.de\/\"},{\"@type\":\"ListItem\",\"position\":2,\"name\":\"Standorte\"}]},{\"@type\":\"WebSite\",\"@id\":\"https:\/\/www.drivekreta.de\/#website\",\"url\":\"https:\/\/www.drivekreta.de\/\",\"name\":\"DRIVEKRETA - Autovermietung Kreta\",\"description\":\"24h-Service &amp; 25 Jahre Erfahrung\",\"publisher\":{\"@id\":\"https:\/\/www.drivekreta.de\/#organization\"},\"potentialAction\":[{\"@type\":\"SearchAction\",\"target\":{\"@type\":\"EntryPoint\",\"urlTemplate\":\"https:\/\/www.drivekreta.de\/?s={search_term_string}\"},\"query-input\":\"required name=search_term_string\"}],\"inLanguage\":\"en-US\"},{\"@type\":\"Organization\",\"@id\":\"https:\/\/www.drivekreta.de\/#organization\",\"name\":\"DRIVEKRETA - Autovermietung Kreta\",\"url\":\"https:\/\/www.drivekreta.de\/\",\"logo\":{\"@type\":\"ImageObject\",\"inLanguage\":\"en-US\",\"@id\":\"https:\/\/www.drivekreta.de\/#\/schema\/logo\/image\/\",\"url\":\"https:\/\/car-rental.bestelloo.de\/wp-content\/uploads\/2023\/07\/drive-kreta-favicon.png\",\"contentUrl\":\"https:\/\/car-rental.bestelloo.de\/wp-content\/uploads\/2023\/07\/drive-kreta-favicon.png\",\"width\":500,\"height\":500,\"caption\":\"DRIVEKRETA - Autovermietung Kreta\"},\"image\":{\"@id\":\"https:\/\/www.drivekreta.de\/#\/schema\/logo\/image\/\"}}]}<\/script>\n<!-- \/ Yoast SEO plugin. -->","yoast_head_json":{"title":"Standorte - DRIVEKRETA - Autovermietung Kreta","description":"An folgenden Standorten k\u00f6nnen Sie Ihren gebuchten Wagen \u00fcbernehmen und\/oder \u00fcbergeben! PREMIUM MIETWAGEN IN Griechenland VERF\u00dcGBAR.","robots":{"index":"index","follow":"follow","max-snippet":"max-snippet:-1","max-image-preview":"max-image-preview:large","max-video-preview":"max-video-preview:-1"},"canonical":"https:\/\/www.drivekreta.de\/en\/standorte\/","og_locale":"en_US","og_type":"article","og_title":"Standorte - DRIVEKRETA - Autovermietung Kreta","og_description":"An folgenden Standorten k\u00f6nnen Sie Ihren gebuchten Wagen \u00fcbernehmen und\/oder \u00fcbergeben! PREMIUM MIETWAGEN IN Griechenland VERF\u00dcGBAR.","og_url":"https:\/\/www.drivekreta.de\/en\/standorte\/","og_site_name":"DRIVEKRETA - Autovermietung Kreta","article_modified_time":"2023-10-19T09:20:36+00:00","og_image":[{"width":1000,"height":750,"url":"https:\/\/www.drivekreta.de\/wp-content\/uploads\/2023\/07\/red-car-with-a-window-decal-mockup-on-the-back-window-reflecting-clouds-a15350-2-1-1-1.png","type":"image\/png"}],"twitter_card":"summary_large_image","twitter_misc":{"Est. reading time":"1 minute"},"schema":{"@context":"https:\/\/schema.org","@graph":[{"@type":"WebPage","@id":"https:\/\/www.drivekreta.de\/standorte\/","url":"https:\/\/www.drivekreta.de\/standorte\/","name":"Standorte - DRIVEKRETA - Autovermietung Kreta","isPartOf":{"@id":"https:\/\/www.drivekreta.de\/#website"},"datePublished":"2020-03-31T09:41:56+00:00","dateModified":"2023-10-19T09:20:36+00:00","description":"An folgenden Standorten k\u00f6nnen Sie Ihren gebuchten Wagen \u00fcbernehmen und\/oder \u00fcbergeben! PREMIUM MIETWAGEN IN Griechenland VERF\u00dcGBAR.","breadcrumb":{"@id":"https:\/\/www.drivekreta.de\/standorte\/#breadcrumb"},"inLanguage":"en-US","potentialAction":[{"@type":"ReadAction","target":["https:\/\/www.drivekreta.de\/standorte\/"]}]},{"@type":"BreadcrumbList","@id":"https:\/\/www.drivekreta.de\/standorte\/#breadcrumb","itemListElement":[{"@type":"ListItem","position":1,"name":"Startseite","item":"https:\/\/www.drivekreta.de\/"},{"@type":"ListItem","position":2,"name":"Standorte"}]},{"@type":"WebSite","@id":"https:\/\/www.drivekreta.de\/#website","url":"https:\/\/www.drivekreta.de\/","name":"DRIVEKRETA - Autovermietung Kreta","description":"24h-Service &amp; 25 Jahre Erfahrung","publisher":{"@id":"https:\/\/www.drivekreta.de\/#organization"},"potentialAction":[{"@type":"SearchAction","target":{"@type":"EntryPoint","urlTemplate":"https:\/\/www.drivekreta.de\/?s={search_term_string}"},"query-input":"required name=search_term_string"}],"inLanguage":"en-US"},{"@type":"Organization","@id":"https:\/\/www.drivekreta.de\/#organization","name":"DRIVEKRETA - Autovermietung Kreta","url":"https:\/\/www.drivekreta.de\/","logo":{"@type":"ImageObject","inLanguage":"en-US","@id":"https:\/\/www.drivekreta.de\/#\/schema\/logo\/image\/","url":"https:\/\/car-rental.bestelloo.de\/wp-content\/uploads\/2023\/07\/drive-kreta-favicon.png","contentUrl":"https:\/\/car-rental.bestelloo.de\/wp-content\/uploads\/2023\/07\/drive-kreta-favicon.png","width":500,"height":500,"caption":"DRIVEKRETA - Autovermietung Kreta"},"image":{"@id":"https:\/\/www.drivekreta.de\/#\/schema\/logo\/image\/"}}]}},"_links":{"self":[{"href":"https:\/\/www.drivekreta.de\/en\/wp-json\/wp\/v2\/pages\/415","targetHints":{"allow":["GET"]}}],"collection":[{"href":"https:\/\/www.drivekreta.de\/en\/wp-json\/wp\/v2\/pages"}],"about":[{"href":"https:\/\/www.drivekreta.de\/en\/wp-json\/wp\/v2\/types\/page"}],"author":[{"embeddable":true,"href":"https:\/\/www.drivekreta.de\/en\/wp-json\/wp\/v2\/users\/1"}],"replies":[{"embeddable":true,"href":"https:\/\/www.drivekreta.de\/en\/wp-json\/wp\/v2\/comments?post=415"}],"version-history":[{"count":0,"href":"https:\/\/www.drivekreta.de\/en\/wp-json\/wp\/v2\/pages\/415\/revisions"}],"wp:attachment":[{"href":"https:\/\/www.drivekreta.de\/en\/wp-json\/wp\/v2\/media?parent=415"}],"curies":[{"name":"wp","href":"https:\/\/api.w.org\/{rel}","templated":true}]}}